{"id":5172,"date":"2016-07-29T20:19:47","date_gmt":"2016-07-30T02:19:47","guid":{"rendered":"http:\/\/ralomtex.com.ec\/sitio\/?page_id=5172"},"modified":"2016-08-09T19:45:14","modified_gmt":"2016-08-10T01:45:14","slug":"empresa-ralomtex","status":"publish","type":"page","link":"https:\/\/ralomtex.com.ec\/sitio\/empresa-ralomtex\/","title":{"rendered":"Empresa Ralomtex"},"content":{"rendered":"<section class=\"l-section wpb_row height_auto width_full\"><div class=\"l-section-h i-cf\"><div class=\"g-cols offset_small\"><div class=\"vc_col-sm-12 wpb_column vc_column_container\"><div class=\"vc_column-inner\">[rev_slider_vc alias=\u00bbEmpresa\u00bb]<\/div><\/div><\/div><\/div><\/section><section class=\"l-section wpb_row height_medium\"><div class=\"l-section-h i-cf\"><div class=\"g-cols offset_small\"><div class=\"vc_col-sm-12 wpb_column vc_column_container\"><div class=\"vc_column-inner\"><div class=\"wpb_text_column \"><div class=\"wpb_wrapper\">\n<h4 style=\"text-align: center;\"><span style=\"color: #000000;\">HISTORIA<\/span><\/h4>\n<\/div> <\/div> <div class=\"ult-animation  ult-animate-viewport  ult-no-mobile \" data-animate=\"fadeInUpBig\" data-animation-delay=\"0\" data-animation-duration=\"3\" data-animation-iteration=\"1\" style=\"opacity:0;\" data-opacity_start_effect=\"\"><div class=\"smile-icon-timeline-wrap csstime   tl-animation-slide-down\"     style=\"\"><div class=\"timeline-line \" style=\"border-right-style:dotted;border-right-color:#42baff;\"><z><\/z><\/div><div class=\"timeline-wrapper\"><\/div>\n\t\t\t\t<div id=\"timeline-seperator-3615\" class=\"timeline-separator-text \" data-sep-col=\"#ffffff\" data-sep-bg-col=\"\"><span class=\"sep-text ult-responsive\"  data-ultimate-target='#timeline-seperator-3615 .sep-text'  data-responsive-json-new='{\"font-size\":\"\",\"line-height\":\"\"}'  style=\"color:#ffffff;border-style:dotted;border-width:1px;border-radius:5px;\">25 a\u00f1os de calidad<\/span><\/div><div class=\"timeline-wrapper \"><div class=\"timeline-block \"><div class=\"timeline-dot\"><\/div><div class=\"ult-timeline-arrow\"><s><\/s><l><\/l><\/div><div class=\"timeline-icon-block\"><div class=\"ult-timeline-icon tl-icon-no-bg\" style=\"   \"><\/div> <!-- icon --><\/div><div class=\"timeline-header-block\" >\n\t\t\t\t\t\t\t<div id=\"timeline-item-5353\" class=\"timeline-header\" style=\"\"><h3 class=\"ult-timeline-title ult-responsive\"  data-ultimate-target='#timeline-item-5353 .ult-timeline-title'  data-responsive-json-new='{\"font-size\":\"\",\"line-height\":\"\"}'  style=\"\">EXPERIENCIA<\/h3><div class=\"ult-responsive timeline-item-spt\"  data-ultimate-target='#timeline-item-5353 .timeline-item-spt'  data-responsive-json-new='{\"font-size\":\"\",\"line-height\":\"\"}'  style=\"\">\n<p style=\"text-align: right;\"><span style=\"color: #000000;\">Somos una empresa Ambate\u00f1a con m\u00e1s de 25 a\u00f1os de experiencia en la fabricaci\u00f3n y comercializaci\u00f3n\u00a0 de prendas\u00a0 \u00edntimas, de alta calidad y durabilidad. Disponemos de una variedad de modelos para damas y ni\u00f1as con la marca DANIELAS, para caballeros con la marca FLA y ni\u00f1os con la marca TRAVIESOS<\/span><\/p>\n<\/div><\/div> <!-- header --><\/div><\/div><div class=\"timeline-block \"><div class=\"timeline-dot\"><\/div><div class=\"ult-timeline-arrow\"><s><\/s><l><\/l><\/div><div class=\"timeline-icon-block\"><div class=\"ult-timeline-icon tl-icon-no-bg\" style=\"   \"><\/div> <!-- icon --><\/div><div class=\"timeline-header-block\" >\n\t\t\t\t\t\t\t<div id=\"timeline-item-7880\" class=\"timeline-header\" style=\"\"><h3 class=\"ult-timeline-title ult-responsive\"  data-ultimate-target='#timeline-item-7880 .ult-timeline-title'  data-responsive-json-new='{\"font-size\":\"\",\"line-height\":\"\"}'  style=\"\">PRODUCCI\u00d3N <\/h3><div class=\"ult-responsive timeline-item-spt\"  data-ultimate-target='#timeline-item-7880 .timeline-item-spt'  data-responsive-json-new='{\"font-size\":\"\",\"line-height\":\"\"}'  style=\"\">\n<p style=\"text-align: justify;\"><span style=\"color: #000000;\">Ralomtex puede superar una producci\u00f3n de\u00a0 30.000 docenas mensuales, fabricadas con personal calificado, maquinaria sofisticada y\u00a0 apropiadas para atender el mercado nacional e internacional.<\/span><\/p>\n<\/div><\/div> <!-- header --><\/div><\/div><div class=\"timeline-block \"><div class=\"timeline-dot\"><\/div><div class=\"ult-timeline-arrow\"><s><\/s><l><\/l><\/div><div class=\"timeline-icon-block\"><div class=\"ult-timeline-icon tl-icon-no-bg\" style=\"   \"><\/div> <!-- icon --><\/div><div class=\"timeline-header-block\" >\n\t\t\t\t\t\t\t<div id=\"timeline-item-8010\" class=\"timeline-header\" style=\"\"><h3 class=\"ult-timeline-title ult-responsive\"  data-ultimate-target='#timeline-item-8010 .ult-timeline-title'  data-responsive-json-new='{\"font-size\":\"\",\"line-height\":\"\"}'  style=\"\">MARCAMOS LA DIFERENCIA<\/h3><div class=\"ult-responsive timeline-item-spt\"  data-ultimate-target='#timeline-item-8010 .timeline-item-spt'  data-responsive-json-new='{\"font-size\":\"\",\"line-height\":\"\"}'  style=\"\">\n<p style=\"text-align: justify;\"><span style=\"color: #000000;\">Nuestras prendas se destacan por su dise\u00f1o innovador, y nos esmeramos por entregar prendas de \u00f3ptima calidad;\u00a0 cuidando todos los detalles, tanto de materias primas e insumos, por lo que, nuestro mercado se encuentra segmentando en las principales cadenas y distribuidores de todo el pa\u00eds.\u00a0Contamos con\u00a0 un recurso humano altamente calificado, responsable\u00a0 e id\u00f3neo para garantizar la calidad y la entrega de los diferentes pedidos\u00a0 a tiempo.<\/span><\/p>\n<\/div><\/div> <!-- header --><\/div><\/div><div class=\"timeline-block \"><div class=\"timeline-dot\"><\/div><div class=\"ult-timeline-arrow\"><s><\/s><l><\/l><\/div><div class=\"timeline-icon-block\"><div class=\"ult-timeline-icon tl-icon-no-bg\" style=\"   \"><\/div> <!-- icon --><\/div><div class=\"timeline-header-block\" >\n\t\t\t\t\t\t\t<div id=\"timeline-item-4210\" class=\"timeline-header\" style=\"\"><h3 class=\"ult-timeline-title ult-responsive\"  data-ultimate-target='#timeline-item-4210 .ult-timeline-title'  data-responsive-json-new='{\"font-size\":\"\",\"line-height\":\"\"}'  style=\"\">POL\u00cdTICA DE LA CALIDAD<\/h3><div class=\"ult-responsive timeline-item-spt\"  data-ultimate-target='#timeline-item-4210 .timeline-item-spt'  data-responsive-json-new='{\"font-size\":\"\",\"line-height\":\"\"}'  style=\"\">\n<p style=\"text-align: justyfi;\"><span style=\"font-size: 11pt;\">Ralomtex es una empresa dedicada al dise\u00f1o, confecci\u00f3n y comercializaci\u00f3n de prendas de vestir innovadoras, elaboradas con materias primas de alta calidad, con el aporte de un grupo humano calificado y comprometido en conseguir la satisfacci\u00f3n de nuestros clientes, mediante el continuo mejoramiento organizacional.<\/span><\/p>\n<\/div><\/div> <!-- header --><\/div><\/div><\/div><div class=\"timeline-feature-item feat-item  \"><div class=\"feat-dot \"><div class=\"timeline-dot\"><\/div><\/div><div class=\"ult-timeline-arrow \"><s><\/s><l><\/l><\/div><div class=\"timeline-icon-block\"><div class=\"ult-timeline-icon tl-icon-no-bg\" style=\"   \"><\/div> <!-- icon --><\/div><div class=\"timeline-header-block\" >\n\t\t\t\t\t\t\t<div class=\"timeline-header\" id=\"timeline-featured-8477\"  style=\"\"><h3 class=\"ult-timeline-title ult-responsive\"   data-ultimate-target='#timeline-featured-8477 .ult-timeline-title'  data-responsive-json-new='{\"font-size\":\"\",\"line-height\":\"\"}'  style=\"\">PRODUCCION<\/h3><div class=\"ult-responsive custom-lht\"  data-ultimate-target='#timeline-featured-8477 .custom-lht'  data-responsive-json-new='{\"font-size\":\"\",\"line-height\":\"\"}'  style=\"\">\n<p style=\"text-align: center;\"><span style=\"color: #000000;\">Estamos comprometidos con nuestros\u00a0 trabajadores, y en el progreso y desarrollo\u00a0\u00a0 de nuestro pa\u00eds<\/span><\/p>\n<\/div><\/div> <!-- header --><\/div><\/div><div class=\"timeline-wrapper \"><\/div><\/div><\/div>[vc_empty_space height=\u00bb15px\u00bb]<div class=\"ult-animation  ult-animate-viewport  ult-no-mobile \" data-animate=\"slideInLeft\" data-animation-delay=\"0\" data-animation-duration=\"3\" data-animation-iteration=\"1\" style=\"opacity:0;\" data-opacity_start_effect=\"\"><div class=\"w-tabs layout_default icon_chevron iconpos_right \"><div class=\"w-tabs-list items_3\"><div class=\"w-tabs-list-h\"><div class=\"w-tabs-item active\"><a href=\"#1469845381975-f2018367-dab4\" class=\"w-tabs-item-h\"><span class=\"w-tabs-item-title\">MISI\u00d3N<\/span><\/a><\/div>\n<div class=\"w-tabs-item\"><a href=\"#1469845382143-da826664-d86c\" class=\"w-tabs-item-h\"><span class=\"w-tabs-item-title\">VISI\u00d3N <\/span><\/a><\/div>\n<div class=\"w-tabs-item\"><a href=\"#1469845813391-9ecd676c-ec7e\" class=\"w-tabs-item-h\"><span class=\"w-tabs-item-title\">VALORES<\/span><\/a><\/div>\n<\/div><\/div><div class=\"w-tabs-sections\"><div class=\"w-tabs-sections-h\"><div class=\"w-tabs-section color_custom active\" id=\"1469845381975-f2018367-dab4\" style=\"color: #1b98e0;\"><a href=\"#1469845381975-f2018367-dab4\" class=\"w-tabs-section-header\"><div class=\"w-tabs-section-header-h\"><h5 class=\"w-tabs-section-title\">MISI\u00d3N<\/h5><div class=\"w-tabs-section-control\"><\/div><\/div><\/a><div class=\"w-tabs-section-content\"><div class=\"w-tabs-section-content-h i-cf\"><div class=\"g-cols wpb_row offset_small vc_inner \"><div class=\"vc_col-sm-2 wpb_column vc_column_container\"><div class=\"vc_column-inner\"><div class=\"w-image  align_center animate_wfc\"><img width=\"350\" height=\"350\" src=\"https:\/\/ralomtex.com.ec\/sitio\/wp-content\/uploads\/2016\/07\/ralomtex_mision_1-350x350.png\" class=\"attachment-tnail-1x1-small size-tnail-1x1-small\" alt=\"\" loading=\"lazy\" srcset=\"https:\/\/ralomtex.com.ec\/sitio\/wp-content\/uploads\/2016\/07\/ralomtex_mision_1-350x350.png 350w, https:\/\/ralomtex.com.ec\/sitio\/wp-content\/uploads\/2016\/07\/ralomtex_mision_1-150x150.png 150w\" sizes=\"(max-width: 350px) 100vw, 350px\" \/><\/div><\/div><\/div><div class=\"vc_col-sm-10 wpb_column vc_column_container\"><div class=\"vc_column-inner\"><div class=\"wpb_text_column \"><div class=\"wpb_wrapper\">\n<p style=\"text-align: justify;\"><span style=\"color: #000000;\">Somos una empresa dedicada al dise\u00f1o, confecci\u00f3n y comercializaci\u00f3n de prendas de vestir de calidad, buscando el bienestar y la satisfacci\u00f3n de nuestros clientes, impulsando su confianza y fidelidad a las marcas que comercializamos.<\/span><\/p>\n<\/div> <\/div> <\/div><\/div><\/div><\/div><\/div><\/div><div class=\"w-tabs-section color_custom\" id=\"1469845382143-da826664-d86c\" style=\"color: #1b98e0;\"><a href=\"#1469845382143-da826664-d86c\" class=\"w-tabs-section-header\"><div class=\"w-tabs-section-header-h\"><h5 class=\"w-tabs-section-title\">VISI\u00d3N <\/h5><div class=\"w-tabs-section-control\"><\/div><\/div><\/a><div class=\"w-tabs-section-content\"><div class=\"w-tabs-section-content-h i-cf\"><div class=\"g-cols wpb_row offset_small vc_inner \"><div class=\"vc_col-sm-2 wpb_column vc_column_container\"><div class=\"vc_column-inner\"><div class=\"w-image  align_center animate_afl\"><img width=\"673\" height=\"529\" src=\"https:\/\/ralomtex.com.ec\/sitio\/wp-content\/uploads\/2016\/07\/ralomtex_vision_1.png\" class=\"attachment-full size-full\" alt=\"\" loading=\"lazy\" srcset=\"https:\/\/ralomtex.com.ec\/sitio\/wp-content\/uploads\/2016\/07\/ralomtex_vision_1.png 673w, https:\/\/ralomtex.com.ec\/sitio\/wp-content\/uploads\/2016\/07\/ralomtex_vision_1-300x236.png 300w, https:\/\/ralomtex.com.ec\/sitio\/wp-content\/uploads\/2016\/07\/ralomtex_vision_1-600x472.png 600w\" sizes=\"(max-width: 673px) 100vw, 673px\" \/><\/div><\/div><\/div><div class=\"vc_col-sm-10 wpb_column vc_column_container\"><div class=\"vc_column-inner\"><div class=\"wpb_text_column \"><div class=\"wpb_wrapper\"><span style=\"color: #000000;\">Nos vemos en el a\u00f1o 2020 como una empresa:<\/span><\/p>\n<ul>\n<li><span style=\"color: #000000;\">Comercializadora de productos en el Ecuador, en los pa\u00edses de la Comunidad Andina y a nivel Internacional<\/span><\/li>\n<li><span style=\"color: #000000;\">Con infraestructura adecuada para la producci\u00f3n y comercializaci\u00f3n de prendas de vestir de calidad.<\/span><\/li>\n<li><span style=\"color: #000000;\">Con un desarrollo organizacional que garantice la satisfacci\u00f3n, tanto del cliente interno, como externo.<\/span><\/li>\n<li><span style=\"color: #000000;\">Con alta responsabilidad social, aportando al desarrollo de la comunidad.<\/span><\/li>\n<\/ul>\n<\/div> <\/div> <\/div><\/div><\/div><\/div><\/div><\/div><div class=\"w-tabs-section color_custom\" id=\"1469845813391-9ecd676c-ec7e\" style=\"color: #1b98e0;\"><a href=\"#1469845813391-9ecd676c-ec7e\" class=\"w-tabs-section-header\"><div class=\"w-tabs-section-header-h\"><h5 class=\"w-tabs-section-title\">VALORES<\/h5><div class=\"w-tabs-section-control\"><\/div><\/div><\/a><div class=\"w-tabs-section-content\"><div class=\"w-tabs-section-content-h i-cf\"><div class=\"g-cols wpb_row offset_small vc_inner \"><div class=\"vc_col-sm-2 wpb_column vc_column_container\"><div class=\"vc_column-inner\"><div class=\"w-image  align_center animate_aft\"><img width=\"600\" height=\"529\" src=\"https:\/\/ralomtex.com.ec\/sitio\/wp-content\/uploads\/2016\/07\/ralomtex_valores_1-600x529.png\" class=\"attachment-tnail-1x1 size-tnail-1x1\" alt=\"\" loading=\"lazy\" \/><\/div><\/div><\/div><div class=\"vc_col-sm-10 wpb_column vc_column_container\"><div class=\"vc_column-inner\"><div class=\"wpb_text_column \"><div class=\"wpb_wrapper\">\n<ul>\n<li><span style=\"color: #000000;\"><strong>Solidaridad: Actuamos adjuntos a<\/strong> los prop\u00f3sitos de desarrollo de nuestros colaboradores, clientes y la comunidad.<\/span><\/li>\n<li><span style=\"color: #000000;\"><strong>Honestidad: <\/strong>Actuando con integridad en cada acci\u00f3n y decisi\u00f3n que tomamos.<\/span><\/li>\n<li><span style=\"color: #000000;\"><strong>Equidad: <\/strong>Actuamos otorgando a cada persona lo que le corresponde en sentido de raz\u00f3n y equidad, conforme a nuestros valores espirituales.<\/span><\/li>\n<li><span style=\"color: #000000;\"><strong>\u00c9tica: <\/strong>Actuamos apegados a nuestros valores morales y espirituales, que son el conjunto de normas que rigen la conducta organizacional e individual.<\/span><\/li>\n<li><span style=\"color: #000000;\"><strong>Lealtad: <\/strong>Somos fieles a nuestros principios y creencias y nuestros actos son coherentes con Dios y con la Patria.<\/span><\/li>\n<li><span style=\"color: #000000;\"><strong>Honor: <\/strong>Cumplimos con nuestras obligaciones para con la sociedad y las personas y lo hacemos con convicci\u00f3n y cumplimiento oportuno.<\/span><\/li>\n<\/ul>\n<\/div> <\/div> <\/div><\/div><\/div><\/div><\/div><\/div><\/div><\/div><\/div><\/div><\/div><\/div><\/div><\/div><\/section>\n","protected":false},"excerpt":{"rendered":"[rev_slider_vc alias=\"Empresa\"] HISTORIA 25 a\u00f1os de calidad EXPERIENCIA Somos una empresa Ambate\u00f1a con m\u00e1s de 25 a\u00f1os de experiencia en la fabricaci\u00f3n y comercializaci\u00f3n\u00a0 de prendas\u00a0 \u00edntimas, de alta calidad y durabilidad. Disponemos de una variedad de modelos para damas y ni\u00f1as con la marca DANIELAS, para caballeros con la marca FLA y ni\u00f1os con...","protected":false},"author":1,"featured_media":0,"parent":0,"menu_order":0,"comment_status":"closed","ping_status":"closed","template":"","meta":[],"_links":{"self":[{"href":"https:\/\/ralomtex.com.ec\/sitio\/wp-json\/wp\/v2\/pages\/5172"}],"collection":[{"href":"https:\/\/ralomtex.com.ec\/sitio\/wp-json\/wp\/v2\/pages"}],"about":[{"href":"https:\/\/ralomtex.com.ec\/sitio\/wp-json\/wp\/v2\/types\/page"}],"author":[{"embeddable":true,"href":"https:\/\/ralomtex.com.ec\/sitio\/wp-json\/wp\/v2\/users\/1"}],"replies":[{"embeddable":true,"href":"https:\/\/ralomtex.com.ec\/sitio\/wp-json\/wp\/v2\/comments?post=5172"}],"version-history":[{"count":25,"href":"https:\/\/ralomtex.com.ec\/sitio\/wp-json\/wp\/v2\/pages\/5172\/revisions"}],"predecessor-version":[{"id":5345,"href":"https:\/\/ralomtex.com.ec\/sitio\/wp-json\/wp\/v2\/pages\/5172\/revisions\/5345"}],"wp:attachment":[{"href":"https:\/\/ralomtex.com.ec\/sitio\/wp-json\/wp\/v2\/media?parent=5172"}],"curies":[{"name":"wp","href":"https:\/\/api.w.org\/{rel}","templated":true}]}}