{"id":5197,"date":"2016-07-29T21:30:31","date_gmt":"2016-07-30T03:30:31","guid":{"rendered":"http:\/\/ralomtex.com.ec\/sitio\/?page_id=5197"},"modified":"2016-08-26T17:50:26","modified_gmt":"2016-08-26T23:50:26","slug":"clientes-ralomtex","status":"publish","type":"page","link":"https:\/\/ralomtex.com.ec\/sitio\/clientes-ralomtex\/","title":{"rendered":"Clientes Ralomtex"},"content":{"rendered":"<section class=\"l-section wpb_row height_auto width_full\"><div class=\"l-section-h i-cf\"><div class=\"g-cols offset_small\"><div class=\"vc_col-sm-12 wpb_column vc_column_container\"><div class=\"vc_column-inner\">[rev_slider_vc alias=\u00bbclientes\u00bb]<\/div><\/div><\/div><\/div><\/section><section class=\"l-section wpb_row height_medium\"><div class=\"l-section-h i-cf\"><div class=\"g-cols offset_small\"><div class=\"vc_col-sm-2 wpb_column vc_column_container\"><div class=\"vc_column-inner\"><div class=\"w-separator type_invisible size_large thick_1 style_solid color_border cont_none\"><span class=\"w-separator-h\"><\/span><\/div><\/div><\/div><div class=\"vc_col-sm-8 wpb_column vc_column_container\"><div class=\"vc_column-inner\"><div class=\"w-separator type_invisible size_medium thick_1 style_solid color_border cont_none\"><span class=\"w-separator-h\"><\/span><\/div><div class=\"ult-animation  ult-animate-viewport  ult-no-mobile \" data-animate=\"zoomIn\" data-animation-delay=\"0\" data-animation-duration=\"3\" data-animation-iteration=\"1\" style=\"opacity:0;\" data-opacity_start_effect=\"\"><div class=\"wpb_text_column  vc_custom_1469850333915\"><div class=\"wpb_wrapper\">\n<p style=\"text-align: center;\"><span style=\"font-size: 14pt;\">La experiencia y calidad de nuestros servicios son la marca de una trayectoria de \u00e9xito durante 25 a\u00f1os en la elaboraci\u00f3n de prendas intimas con dise\u00f1os exclusivos, lo que nos ha permitido posicionarnos en el mercado y contar con clientes como:<\/span><\/p>\n<\/div> <\/div> <\/div><div class=\"w-separator type_invisible size_medium thick_1 style_solid color_border cont_none\"><span class=\"w-separator-h\"><\/span><\/div><\/div><\/div><div class=\"vc_col-sm-2 wpb_column vc_column_container\"><div class=\"vc_column-inner\"><div class=\"w-separator type_invisible size_large thick_1 style_solid color_border cont_none\"><span class=\"w-separator-h\"><\/span><\/div><\/div><\/div><\/div><\/div><\/section><section class=\"l-section wpb_row height_medium with_overlay\"><div class=\"l-section-overlay\" style=\"background-color: #ededed\"><\/div><div class=\"l-section-h i-cf\"><div class=\"g-cols offset_large\"><div class=\"vc_col-sm-12 wpb_column vc_column_container\"><div class=\"vc_column-inner\"><div class=\"w-logos style_2 nav_arrows type_carousel cols_3\"><div class=\"w-logos-list\" data-items=\"3\" data-autoplay=\"1\" data-timeout=\"3000\" data-nav=\"1\"><div class=\"w-logos-item\"><img width=\"300\" height=\"158\" src=\"https:\/\/ralomtex.com.ec\/sitio\/wp-content\/uploads\/2016\/08\/ralomtex_cliente_-super_exito_3-300x158.png\" class=\"attachment-medium size-medium\" alt=\"\" loading=\"lazy\" srcset=\"https:\/\/ralomtex.com.ec\/sitio\/wp-content\/uploads\/2016\/08\/ralomtex_cliente_-super_exito_3-300x158.png 300w, https:\/\/ralomtex.com.ec\/sitio\/wp-content\/uploads\/2016\/08\/ralomtex_cliente_-super_exito_3-600x316.png 600w, https:\/\/ralomtex.com.ec\/sitio\/wp-content\/uploads\/2016\/08\/ralomtex_cliente_-super_exito_3.png 754w\" sizes=\"(max-width: 300px) 100vw, 300px\" \/><\/div><div class=\"w-logos-item\"><img width=\"300\" height=\"147\" src=\"https:\/\/ralomtex.com.ec\/sitio\/wp-content\/uploads\/2016\/08\/ralomtex_cliente_albystore_3-300x147.png\" class=\"attachment-medium size-medium\" alt=\"\" loading=\"lazy\" srcset=\"https:\/\/ralomtex.com.ec\/sitio\/wp-content\/uploads\/2016\/08\/ralomtex_cliente_albystore_3-300x147.png 300w, https:\/\/ralomtex.com.ec\/sitio\/wp-content\/uploads\/2016\/08\/ralomtex_cliente_albystore_3-768x376.png 768w, https:\/\/ralomtex.com.ec\/sitio\/wp-content\/uploads\/2016\/08\/ralomtex_cliente_albystore_3-600x294.png 600w, https:\/\/ralomtex.com.ec\/sitio\/wp-content\/uploads\/2016\/08\/ralomtex_cliente_albystore_3.png 810w\" sizes=\"(max-width: 300px) 100vw, 300px\" \/><\/div><div class=\"w-logos-item\"><img width=\"300\" height=\"63\" src=\"https:\/\/ralomtex.com.ec\/sitio\/wp-content\/uploads\/2016\/08\/ralomtex_cliente_almacenes_deprati_3-300x63.png\" class=\"attachment-medium size-medium\" alt=\"\" loading=\"lazy\" srcset=\"https:\/\/ralomtex.com.ec\/sitio\/wp-content\/uploads\/2016\/08\/ralomtex_cliente_almacenes_deprati_3-300x63.png 300w, https:\/\/ralomtex.com.ec\/sitio\/wp-content\/uploads\/2016\/08\/ralomtex_cliente_almacenes_deprati_3-768x161.png 768w, https:\/\/ralomtex.com.ec\/sitio\/wp-content\/uploads\/2016\/08\/ralomtex_cliente_almacenes_deprati_3-1024x215.png 1024w, https:\/\/ralomtex.com.ec\/sitio\/wp-content\/uploads\/2016\/08\/ralomtex_cliente_almacenes_deprati_3-600x126.png 600w, https:\/\/ralomtex.com.ec\/sitio\/wp-content\/uploads\/2016\/08\/ralomtex_cliente_almacenes_deprati_3.png 1890w\" sizes=\"(max-width: 300px) 100vw, 300px\" \/><\/div><div class=\"w-logos-item\"><img width=\"300\" height=\"58\" src=\"https:\/\/ralomtex.com.ec\/sitio\/wp-content\/uploads\/2016\/07\/ralomtex_cliente_etafashion_4-300x58.png\" class=\"attachment-medium size-medium\" alt=\"\" loading=\"lazy\" srcset=\"https:\/\/ralomtex.com.ec\/sitio\/wp-content\/uploads\/2016\/07\/ralomtex_cliente_etafashion_4-300x58.png 300w, https:\/\/ralomtex.com.ec\/sitio\/wp-content\/uploads\/2016\/07\/ralomtex_cliente_etafashion_4-768x149.png 768w, https:\/\/ralomtex.com.ec\/sitio\/wp-content\/uploads\/2016\/07\/ralomtex_cliente_etafashion_4-1024x198.png 1024w, https:\/\/ralomtex.com.ec\/sitio\/wp-content\/uploads\/2016\/07\/ralomtex_cliente_etafashion_4-600x116.png 600w, https:\/\/ralomtex.com.ec\/sitio\/wp-content\/uploads\/2016\/07\/ralomtex_cliente_etafashion_4.png 1484w\" sizes=\"(max-width: 300px) 100vw, 300px\" \/><\/div><div class=\"w-logos-item\"><img width=\"300\" height=\"116\" src=\"https:\/\/ralomtex.com.ec\/sitio\/wp-content\/uploads\/2016\/08\/ralomtex_cliente_megamaxi_3-300x116.png\" class=\"attachment-medium size-medium\" alt=\"\" loading=\"lazy\" srcset=\"https:\/\/ralomtex.com.ec\/sitio\/wp-content\/uploads\/2016\/08\/ralomtex_cliente_megamaxi_3-300x116.png 300w, https:\/\/ralomtex.com.ec\/sitio\/wp-content\/uploads\/2016\/08\/ralomtex_cliente_megamaxi_3-768x298.png 768w, https:\/\/ralomtex.com.ec\/sitio\/wp-content\/uploads\/2016\/08\/ralomtex_cliente_megamaxi_3.png 1024w, https:\/\/ralomtex.com.ec\/sitio\/wp-content\/uploads\/2016\/08\/ralomtex_cliente_megamaxi_3-600x233.png 600w\" sizes=\"(max-width: 300px) 100vw, 300px\" \/><\/div><div class=\"w-logos-item\"><img width=\"300\" height=\"176\" src=\"https:\/\/ralomtex.com.ec\/sitio\/wp-content\/uploads\/2016\/08\/ralomtex_cliente_rm_2-300x176.png\" class=\"attachment-medium size-medium\" alt=\"\" loading=\"lazy\" srcset=\"https:\/\/ralomtex.com.ec\/sitio\/wp-content\/uploads\/2016\/08\/ralomtex_cliente_rm_2-300x176.png 300w, https:\/\/ralomtex.com.ec\/sitio\/wp-content\/uploads\/2016\/08\/ralomtex_cliente_rm_2-600x353.png 600w, https:\/\/ralomtex.com.ec\/sitio\/wp-content\/uploads\/2016\/08\/ralomtex_cliente_rm_2.png 675w\" sizes=\"(max-width: 300px) 100vw, 300px\" \/><\/div><div class=\"w-logos-item\"><img width=\"300\" height=\"72\" src=\"https:\/\/ralomtex.com.ec\/sitio\/wp-content\/uploads\/2016\/07\/ralomtex_cliente_texto_3-300x72.png\" class=\"attachment-medium size-medium\" alt=\"\" loading=\"lazy\" srcset=\"https:\/\/ralomtex.com.ec\/sitio\/wp-content\/uploads\/2016\/07\/ralomtex_cliente_texto_3-300x72.png 300w, https:\/\/ralomtex.com.ec\/sitio\/wp-content\/uploads\/2016\/07\/ralomtex_cliente_texto_3-768x184.png 768w, https:\/\/ralomtex.com.ec\/sitio\/wp-content\/uploads\/2016\/07\/ralomtex_cliente_texto_3-1024x246.png 1024w, https:\/\/ralomtex.com.ec\/sitio\/wp-content\/uploads\/2016\/07\/ralomtex_cliente_texto_3-600x144.png 600w, https:\/\/ralomtex.com.ec\/sitio\/wp-content\/uploads\/2016\/07\/ralomtex_cliente_texto_3.png 1653w\" sizes=\"(max-width: 300px) 100vw, 300px\" \/><\/div><\/div><\/div><\/div><\/div><\/div><\/div><\/section>\n","protected":false},"excerpt":{"rendered":"[rev_slider_vc alias=\"clientes\"] La experiencia y calidad de nuestros servicios son la marca de una trayectoria de \u00e9xito durante 25 a\u00f1os en la elaboraci\u00f3n de prendas intimas con dise\u00f1os exclusivos, lo que nos ha permitido posicionarnos en el mercado y contar con clientes como:","protected":false},"author":1,"featured_media":0,"parent":0,"menu_order":0,"comment_status":"closed","ping_status":"closed","template":"","meta":[],"_links":{"self":[{"href":"https:\/\/ralomtex.com.ec\/sitio\/wp-json\/wp\/v2\/pages\/5197"}],"collection":[{"href":"https:\/\/ralomtex.com.ec\/sitio\/wp-json\/wp\/v2\/pages"}],"about":[{"href":"https:\/\/ralomtex.com.ec\/sitio\/wp-json\/wp\/v2\/types\/page"}],"author":[{"embeddable":true,"href":"https:\/\/ralomtex.com.ec\/sitio\/wp-json\/wp\/v2\/users\/1"}],"replies":[{"embeddable":true,"href":"https:\/\/ralomtex.com.ec\/sitio\/wp-json\/wp\/v2\/comments?post=5197"}],"version-history":[{"count":15,"href":"https:\/\/ralomtex.com.ec\/sitio\/wp-json\/wp\/v2\/pages\/5197\/revisions"}],"predecessor-version":[{"id":5436,"href":"https:\/\/ralomtex.com.ec\/sitio\/wp-json\/wp\/v2\/pages\/5197\/revisions\/5436"}],"wp:attachment":[{"href":"https:\/\/ralomtex.com.ec\/sitio\/wp-json\/wp\/v2\/media?parent=5197"}],"curies":[{"name":"wp","href":"https:\/\/api.w.org\/{rel}","templated":true}]}}